{"id":5022,"date":"2022-06-09T14:48:36","date_gmt":"2022-06-09T14:48:36","guid":{"rendered":"https:\/\/idf-fundazioa.eus\/biblioteca-virtual-de-idf\/"},"modified":"2022-09-15T12:49:31","modified_gmt":"2022-09-15T12:49:31","slug":"idfren-liburutegi-birtuala","status":"publish","type":"page","link":"https:\/\/idf-fundazioa.eus\/eu\/idfren-liburutegi-birtuala\/","title":{"rendered":"IDFren liburutegi birtuala"},"content":{"rendered":"<div class=\"wpb-content-wrapper\"><p>[vc_row css=&#8221;.vc_custom_1655820985974{margin-top: 40px !important;margin-bottom: 40px !important;}&#8221;][vc_column][vc_column_text]Fundazioak hainbat liburu, ikerketa eta txosten garatu eta sustatu ditu bere historian zehar.<\/p>\n<p>Hemen argitaratzen dugu ezagutza guzti hori, lehen sektorearen aldeko analisi eta ekimen berriak elikatzeko asmoz.[\/vc_column_text][\/vc_column][\/vc_row][vc_row css=&#8221;.vc_custom_1656069476289{margin-bottom: 70px !important;}&#8221;][vc_column][vc_column_text]<style type=\"text\/css\">\r\n\/* Search Panel *\/\r\n.wbg-search-container {\r\n    background: #FFFFFF;\r\n    border: 0px solid #CCCCCC;\r\n    border-radius: 0px;\r\n    margin-top: 0px;\r\n    margin-bottom: 10px;\r\n}\r\n\/* Search Input *\/\r\n.wbg-search-container .wbg-search-item input[type=\"text\"],\r\n.selectize-control.single .selectize-input,\r\n.selectize-dropdown [data-selectable].option {\r\n    background-color: #FFFFFF;\r\n    color: #242424!important;\r\n    font-size: 14px;\r\n}\r\n.selectize-input input {\r\n    color: #242424!important;\r\n}\r\n\r\n.selectize-dropdown [data-selectable].option {\r\n    cursor: pointer;\r\n    border-bottom: 1px solid #EEE;\r\n    padding-bottom: 5px;\r\n}\r\n\/* Search Button *\/\r\n.wbg-search-container .wbg-search-item .submit-btn {\r\n    background: #0274be;\r\n    border: 1px solid #317081;\r\n    color: #FFFFFF;\r\n    font-size: 14px;\r\n    font-weight: 700;\r\n}\r\n.wbg-search-container .wbg-search-item .submit-btn:hover {\r\n    background: #EAEAEA;\r\n    color: #242424;\r\n}\r\n\/* Search Reset Button *\/\r\n.wbg-search-container .wbg-search-item a#wbg-search-refresh {\r\n    background: #EEEEEE;\r\n    border: 1px solid #999999;\r\n    color: #111111;\r\n    width: 45px;\r\n    font-size: 18px;\r\n}\r\n.wbg-search-container .wbg-search-item a#wbg-search-refresh:hover {\r\n    background: #6fa0df;\r\n    color: #FFFFFF;\r\n    border: 1px solid #6fa0df;\r\n}\r\n<\/style><style type=\"text\/css\">\r\n    .wbg-parent-wrapper {\r\n    background: #FFF;\r\n    border: 1px solid #FFFFFF;\r\n    max-width: 1200px;\r\n    margin-top: 0px;\r\n    margin-bottom: 0px;\r\n    padding: 0px;\r\n    border-radius: 0px;\r\n  }\r\n  .wbg-main-wrapper .wbg-item {\r\n    border: 1px solid #DDDDDD;\r\n    background-color: #FFFFFF;\r\n    white-space: normal;\r\n    padding-top: 10px;\r\n    padding-right: 10px;\r\n    padding-left: 10px;\r\n  }\r\n  \/*\r\n  .wbg-main-wrapper .wbg-item img {\r\n    width: ;\r\n    height: ;\r\n  }\r\n  *\/\r\n  .wbg-main-wrapper .wbg-item img:hover {\r\n      }\r\n  .wbg-main-wrapper .wbg-item a.wbg-btn {\r\n    background: #0274be;\r\n    color: #FFFFFF;\r\n    font-size: 12px;\r\n  }\r\n  .wbg-main-wrapper .wbg-item a.wbg-btn:hover {\r\n    background: #0274be;\r\n    color: #FFFFFF;\r\n  }\r\n  .wbg-main-wrapper .wbg-item .wgb-item-link {\r\n    color: #242424 !important;\r\n    font-size: 14px !important;\r\n  }\r\n  .wbg-main-wrapper .wbg-item .wgb-item-link:hover {\r\n    color: #999999 !important;\r\n  }\r\n  .wbg-main-wrapper .wbg-item .wbg-description-content {\r\n    font-size: 12px !important;\r\n    color: #242424 !important;\r\n  }\r\n  \r\n  @-webkit-keyframes rotation {\r\n    from {\r\n      -webkit-transform: rotate(0deg);\r\n    }\r\n    to {\r\n      -webkit-transform: rotate(360deg);\r\n    }\r\n  }\r\n\r\n  \/* List style *\/\r\n  .wbg-main-wrapper.list .wbg-item-list-wrapper {\r\n      border-bottom: 1px solid #DDDDDD;\r\n      background-color: #FFFFFF;\r\n      white-space: normal;\r\n  }\r\n  .wbg-main-wrapper.list .wbg-item-list-wrapper .wbg-item-list-detials .wbg-title h3.wgb-item-link,\r\n  .wbg-main-wrapper.list .wbg-item-list-wrapper .wbg-item-list-detials .wbg-title a.wgb-item-link {\r\n      color: #242424 !important;\r\n      font-size: 14px !important;\r\n  }\r\n  .wbg-main-wrapper.list .wbg-item-list-wrapper .wbg-item-list-detials .wbg-title h3.wgb-item-link:hover,\r\n  .wbg-main-wrapper.list .wbg-item-list-wrapper .wbg-item-list-detials .wbg-title a.wgb-item-link:hover {\r\n      color: #999999 !important;\r\n  }\r\n  .wbg-main-wrapper.list .wbg-item-list-wrapper .wbg-item-list-detials .regular-price .wbgp-price {\r\n    font-size: 16px;\r\n  }\r\n  .wbg-main-wrapper.list .wbg-item-list-wrapper .wbg-item-list-detials .regular-price .wbgp-price.price-after {\r\n      color: #13b651;\r\n  }\r\n  .wbg-main-wrapper.list .wbg-item-list-wrapper .wbg-item-list-detials .regular-price .wbgp-price.price-before {\r\n      color: #ff7162;\r\n  }\r\n  .wbg-main-wrapper.list .wbg-item-list-wrapper .wbg-item-list-detials span.loop-author,\r\n  .wbg-main-wrapper.list .wbg-item-list-wrapper .wbg-item-list-detials span.loop-author a.wbg-list-author {\r\n    color: #555555;\r\n    font-size: 11px !important;\r\n  }\r\n  .wbg-main-wrapper.list .wbg-item-list-wrapper .wbg-item-list-detials span.loop-category,\r\n  .wbg-main-wrapper.list .wbg-item-list-wrapper .wbg-item-list-detials span.loop-category a.wbg-list-cat {\r\n    color: #555555;\r\n    font-size: 11px !important;\r\n  }\r\n  .wbg-main-wrapper.list .wbg-item-list-wrapper .wbg-item-list-detials .wbg-description-content {\r\n      font-size: 12px !important;\r\n      color: #242424 !important;\r\n  }\r\n  .wbg-main-wrapper .wbg-item-list-wrapper a.wbg-btn {\r\n      background: #0274be;\r\n      color: #FFFFFF;\r\n      font-size: 12px;\r\n  }\r\n  .wbg-main-wrapper .wbg-item-list-wrapper a.wbg-btn:hover {\r\n      background: #0274be;\r\n      color: #FFFFFF;\r\n  }\r\n<\/style><div class=\"wbg-parent-wrapper\">\r\n  <form method=\"GET\" action=\"https:\/\/idf-fundazioa.eus\/eu\/books\/\" id=\"wbg-search-form\">\r\n    <div class=\"wrap wbg-search-container\">\r\n              <div class=\"wbg-search-item\">\r\n            <input type=\"text\" name=\"wbg_title_s\" placeholder=\"Book Title\" value=\"\">\r\n          <\/div>\r\n                    <div class=\"wbg-search-item\">\r\n            <input type=\"text\" name=\"wbg_isbn_s\" placeholder=\"ISBN-10\" value=\"\">\r\n          <\/div>\r\n                    <div class=\"wbg-search-item\">\r\n            <select id=\"wbg_category_s\" name=\"wbg_category_s\" class=\"wbg-selectize\">\r\n                <option value=\"\">All Categories<\/option>\r\n                            <\/select>\r\n          <\/div>\r\n                      <div class=\"wbg-search-item\">\r\n              <select id=\"wbg_author_s\" name=\"wbg_author_s\" class=\"wbg-selectize\">\r\n                  <option value=\"\">All Authors<\/option>\r\n                                      <option value=\"Agustin del Prado Santeodoro\"  >Agustin del Prado Santeodoro<\/option>\r\n                                      <option value=\"Asma Jebari\"  >Asma Jebari<\/option>\r\n                                      <option value=\"Asma Jebari, Jorge \u00c1lvaro\u2010Fuentes, Guillermo Pardo, Inmaculada Batalla, Jos\u00e9 Antonio Rodr\u00edguez Mart\u00edn, Agustin Del Prado, Agustin del Prado\"  >Asma Jebari, Jorge \u00c1lvaro\u2010Fuentes, Guillermo Pardo, Inmaculada Batalla, Jos\u00e9 Antonio Rodr\u00edguez Mart\u00edn, Agustin Del Prado, Agustin del Prado<\/option>\r\n                                      <option value=\"Asma JebariI, Jorge A lvaro-Fuentes, Guillermo Pardo, Mar\u00eda AlmagroI\"  >Asma JebariI, Jorge A lvaro-Fuentes, Guillermo Pardo, Mar\u00eda AlmagroI<\/option>\r\n                                      <option value=\"Foro Rural Mundial\"  >Foro Rural Mundial<\/option>\r\n                                      <option value=\"Miren Etxezarreta\"  >Miren Etxezarreta<\/option>\r\n                                      <option value=\"Prospektiker\"  >Prospektiker<\/option>\r\n                                <\/select>\r\n            <\/div>\r\n            \r\n    <div class=\"wbg-search-item\">\r\n      <input type=\"submit\" class=\"button submit-btn\" value=\"Search Books\">\r\n    <\/div>\r\n\r\n          <div class=\"wbg-search-item refresh\">\r\n        <a href=\"https:\/\/idf-fundazioa.eus\/eu\/books\/\" id=\"wbg-search-refresh\">\r\n                        <span class=\"fa fa-refresh\"><\/span>\r\n                      <\/a>\r\n      <\/div>\r\n        <\/div>\r\n<\/form>    <div class=\"wbg-main-wrapper wbg-product-column-3 wbg-product-column-mobile-1 grid\">\r\n      <div class=\"wbg-item\">\r\n            <a class=\"wgb-item-link\" href=\"https:\/\/idf-fundazioa.eus\/eu\/books\/azterketa-landa-inguruneko-gazteentzako-politika-publikoak\/\" target=\"_self\">\r\n            <img decoding=\"async\" src=\"https:\/\/idf-fundazioa.eus\/wp-content\/uploads\/2022\/07\/Azterketa-landa-inguruneko-gazteentzako-politika-publikoak-1-150x150.jpg\" alt=\"Azterketa: landa-inguruneko gazteentzako politika publikoak\" style=\"height:200px; object-fit: fill;\">            Azterketa: landa-inguruneko gazteentzako politika publikoak        <\/a>\r\n                    <div class=\"wbg-description-content\">\r\n                <p>2021<\/p>            <\/div>\r\n                        <span class=\"loop-author\">\r\n                &nbsp;<a href=\"?wbg_author_s=Foro+Rural+Mundial\" class=\"wbg-single-link\">Foro Rural Mundial<\/a>            <\/span>\r\n                <!-- Button Panel -->\r\n    <div class=\"wbg-button-container\">\r\n                                <a href=\"\/wp-content\/uploads\/2022\/09\/Azterketa-landa-inguruneko-gazteentzako-politika-publikoak.pdf\" class=\"button wbg-btn\" target=&quot;_blank&quot;>\r\n                            <i class=\"fa-solid fa-download\"><\/i>&nbsp;Descargar                        <\/a>\r\n                            <\/div>\r\n<\/div><div class=\"wbg-item\">\r\n            <a class=\"wgb-item-link\" href=\"https:\/\/idf-fundazioa.eus\/eu\/books\/effect-of-dairy-cattle-production-systems-on-sustaining-soil-organic-carbon-storage-in-grasslands-of-northern-spain-asma-jebari-jorge-alvaro%e2%80%90fuentes-guillermo-pardo-inmaculada-batalla-jos\/\" target=\"_self\">\r\n            <img decoding=\"async\" src=\"https:\/\/idf-fundazioa.eus\/wp-content\/uploads\/2022\/06\/Jebarietal2022-1-150x150.jpg\" alt=\"Effect of dairy cattle production systems on sustaining soil organic carbon storage in grasslands of northern Spain\" style=\"height:200px; object-fit: fill;\">            Effect of dairy cattle production systems on sustaining soil organic carbon storage in grasslands of northern Spain        <\/a>\r\n                    <div class=\"wbg-description-content\">\r\n                <p>2022<\/p>            <\/div>\r\n                        <span class=\"loop-author\">\r\n                &nbsp;<a href=\"?wbg_author_s=Asma+Jebari%2C+Jorge+%C3%81lvaro%E2%80%90Fuentes%2C+Guillermo+Pardo%2C+Inmaculada+Batalla%2C+Jos%C3%A9+Antonio+Rodr%C3%ADguez+Mart%C3%ADn%2C+Agustin+Del+Prado%2C+Agustin+del+Prado\" class=\"wbg-single-link\">Asma Jebari, Jorge \u00c1lvaro\u2010Fuentes, Guillermo Pardo, Inmaculada Batalla, Jos\u00e9 Antonio Rodr\u00edguez Mart\u00edn, Agustin Del Prado, Agustin del Prado<\/a>            <\/span>\r\n                <!-- Button Panel -->\r\n    <div class=\"wbg-button-container\">\r\n                                <a href=\"\/wp-content\/uploads\/2022\/06\/Jebarietal2022.pdf\" class=\"button wbg-btn\" target=&quot;_blank&quot;>\r\n                            <i class=\"fa-solid fa-download\"><\/i>&nbsp;Descargar                        <\/a>\r\n                            <\/div>\r\n<\/div><div class=\"wbg-item\">\r\n            <a class=\"wgb-item-link\" href=\"https:\/\/idf-fundazioa.eus\/eu\/books\/estimating-soil-organic-carbon-changes-in-managed-temperate-moist-grasslands-with-rothc-asma-jebarii-jorge-a-lvaro-fuentes-guillermo-pardo-maria-almagroi-2021\/\" target=\"_self\">\r\n            <img decoding=\"async\" src=\"https:\/\/idf-fundazioa.eus\/wp-content\/uploads\/2022\/06\/Jebarietal2021-1-150x150.jpg\" alt=\"Estimating soil organic carbon changes in managed temperate moist grasslands with RothC\" style=\"height:200px; object-fit: fill;\">            Estimating soil organic carbon changes in managed temperate moist grasslands with RothC        <\/a>\r\n                    <div class=\"wbg-description-content\">\r\n                <p>2021<\/p>            <\/div>\r\n                        <span class=\"loop-author\">\r\n                &nbsp;<a href=\"?wbg_author_s=Asma+JebariI%2C+Jorge+A+lvaro-Fuentes%2C+Guillermo+Pardo%2C+Mar%C3%ADa+AlmagroI\" class=\"wbg-single-link\">Asma JebariI, Jorge A lvaro-Fuentes, Guillermo Pardo, Mar\u00eda AlmagroI<\/a>            <\/span>\r\n                <!-- Button Panel -->\r\n    <div class=\"wbg-button-container\">\r\n                                <a href=\"\/wp-content\/uploads\/2022\/06\/Jebarietal2021.pdf\" class=\"button wbg-btn\" target=&quot;_blank&quot;>\r\n                            <i class=\"fa-solid fa-download\"><\/i>&nbsp;Descargar                        <\/a>\r\n                            <\/div>\r\n<\/div><div class=\"wbg-item\">\r\n            <a class=\"wgb-item-link\" href=\"https:\/\/idf-fundazioa.eus\/eu\/books\/euskadiko-nekazaritzako-elikagaien-eta-basogintza-zurgintzaren-sektoreen-etorkizunari-buruzko-ikerketa-diagnostikoa-eta-joeren-azterketa\/\" target=\"_self\">\r\n            <img decoding=\"async\" src=\"https:\/\/idf-fundazioa.eus\/wp-content\/uploads\/2022\/06\/Diagnostico-FCI-Estudio-Agrario_20201223_EUS-1-150x150.jpg\" alt=\"Euskadiko nekazaritzako elikagaien eta basogintza-zurgintzaren sektoreen etorkizunari buruzko ikerketa. Diagnostikoa eta joeren azterketa\" style=\"height:200px; object-fit: fill;\">            Euskadiko nekazaritzako elikagaien eta basogintza-zurgintzaren sektoreen etorkizunari buruzko ikerketa. Diagnostikoa eta joeren azterketa        <\/a>\r\n                    <div class=\"wbg-description-content\">\r\n                <p>2019<\/p>            <\/div>\r\n                        <span class=\"loop-author\">\r\n                &nbsp;<a href=\"?wbg_author_s=Prospektiker\" class=\"wbg-single-link\">Prospektiker<\/a>            <\/span>\r\n                <!-- Button Panel -->\r\n    <div class=\"wbg-button-container\">\r\n                                <a href=\"\/wp-content\/uploads\/2022\/09\/Diagnostico-FCI-Estudio-Agrario_20201223_EUS.pdf\" class=\"button wbg-btn\" target=&quot;_blank&quot;>\r\n                            <i class=\"fa-solid fa-download\"><\/i>&nbsp;Descargar                        <\/a>\r\n                            <\/div>\r\n<\/div><div class=\"wbg-item\">\r\n            <a class=\"wgb-item-link\" href=\"https:\/\/idf-fundazioa.eus\/eu\/books\/euskal-baserriaren-oraina-eta-geroa\/\" target=\"_self\">\r\n            <img decoding=\"async\" src=\"https:\/\/idf-fundazioa.eus\/wp-content\/uploads\/2022\/09\/EUSKAL-BASERRIAREN-final-montado-1-150x150.jpg\" alt=\"Euskal baserriaren oraina eta geroa\" style=\"height:200px; object-fit: fill;\">            Euskal baserriaren oraina eta geroa        <\/a>\r\n                    <div class=\"wbg-description-content\">\r\n                <p>1977<\/p>            <\/div>\r\n                        <span class=\"loop-author\">\r\n                &nbsp;<a href=\"?wbg_author_s=Miren+Etxezarreta\" class=\"wbg-single-link\">Miren Etxezarreta<\/a>            <\/span>\r\n                <!-- Button Panel -->\r\n    <div class=\"wbg-button-container\">\r\n                                <a href=\"\/wp-content\/uploads\/2022\/09\/EUSKAL%20BASERRIAREN-final-montado.PDF\" class=\"button wbg-btn\" target=&quot;_blank&quot;>\r\n                            <i class=\"fa-solid fa-download\"><\/i>&nbsp;Descargar                        <\/a>\r\n                            <\/div>\r\n<\/div><div class=\"wbg-item\">\r\n            <a class=\"wgb-item-link\" href=\"https:\/\/idf-fundazioa.eus\/eu\/books\/integrating-upscaling-simulation-methods-for-predicting-soil-organic-carbon-changes-in-spain-asma-jebari-2021\/\" target=\"_self\">\r\n            <img decoding=\"async\" src=\"https:\/\/idf-fundazioa.eus\/wp-content\/uploads\/2022\/06\/Thesis_AsmaJebari_VF1-1-1-150x150.jpg\" alt=\"Integrating upscaling simulation methods for predicting soil organic Carbon changes in Spain\" style=\"height:200px; object-fit: fill;\">            Integrating upscaling simulation methods for predicting soil organic Carbon changes in Spain        <\/a>\r\n                    <div class=\"wbg-description-content\">\r\n                <p>2021<\/p>            <\/div>\r\n                        <span class=\"loop-author\">\r\n                &nbsp;<a href=\"?wbg_author_s=Asma+Jebari\" class=\"wbg-single-link\">Asma Jebari<\/a>            <\/span>\r\n                <!-- Button Panel -->\r\n    <div class=\"wbg-button-container\">\r\n                                <a href=\"\/wp-content\/uploads\/2022\/06\/Thesis_AsmaJebari_VF1-1.pdf\" class=\"button wbg-btn\" target=&quot;_blank&quot;>\r\n                            <i class=\"fa-solid fa-download\"><\/i>&nbsp;Descargar                        <\/a>\r\n                            <\/div>\r\n<\/div><div class=\"wbg-item\">\r\n            <a class=\"wgb-item-link\" href=\"https:\/\/idf-fundazioa.eus\/eu\/books\/iturriaga-danobeitia-fundazioa-50-urte-nekazaritzaren-eta-baserriaren-zerbitzura\/\" target=\"_self\">\r\n            <img decoding=\"async\" src=\"https:\/\/idf-fundazioa.eus\/wp-content\/uploads\/2022\/06\/50-aniversario-150x150.jpg\" alt=\"Iturriaga Da\u00f1obeitia Fundazioa. 50 urte nekazaritzaren eta baserriaren zerbitzura\" style=\"height:200px; object-fit: fill;\">            Iturriaga Da\u00f1obeitia Fundazioa. 50 urte nekazaritzaren eta baserriaren zerbitzura        <\/a>\r\n                    <div class=\"wbg-description-content\">\r\n                <p>2015<\/p>            <\/div>\r\n                <!-- Button Panel -->\r\n    <div class=\"wbg-button-container\">\r\n                                <a href=\"\/wp-content\/uploads\/2022\/09\/1.-Libro-50o-Aniversario-Euskera-.pdf\" class=\"button wbg-btn\" target=&quot;_blank&quot;>\r\n                            <i class=\"fa-solid fa-download\"><\/i>&nbsp;Descargar                        <\/a>\r\n                            <\/div>\r\n<\/div><div class=\"wbg-item\">\r\n            <a class=\"wgb-item-link\" href=\"https:\/\/idf-fundazioa.eus\/eu\/books\/modelling-approaches-and-measurements-to-study-the-effect-of-nutrient-management-on-the-sustainability-of-a-dairy-farm-agustin-del-prado-santeodoro-2007\/\" target=\"_self\">\r\n            <img decoding=\"async\" src=\"https:\/\/idf-fundazioa.eus\/wp-content\/uploads\/2022\/06\/Thesis1-1-150x150.jpg\" alt=\"Modelling approaches and measurements to study the  effect of nutrient management on the sustainability of a dairy farm\" style=\"height:200px; object-fit: fill;\">            Modelling approaches and measurements to study the effect of nutrient management on the sustainability of a dairy farm        <\/a>\r\n                    <span class=\"loop-author\">\r\n                &nbsp;<a href=\"?wbg_author_s=Agustin+del+Prado+Santeodoro\" class=\"wbg-single-link\">Agustin del Prado Santeodoro<\/a>            <\/span>\r\n                <!-- Button Panel -->\r\n    <div class=\"wbg-button-container\">\r\n                                <a href=\"\/wp-content\/uploads\/2022\/06\/Thesis1.pdf\" class=\"button wbg-btn\" target=&quot;_blank&quot;>\r\n                            <i class=\"fa-solid fa-download\"><\/i>&nbsp;Descargar                        <\/a>\r\n                            <\/div>\r\n<\/div>    <\/div>\r\n    <\/div>\r\n[\/vc_column_text][\/vc_column][\/vc_row]<\/p>\n<\/div>","protected":false},"excerpt":{"rendered":"<p>[vc_row css=&#8221;.vc_custom_1655820985974{margin-top: 40px !important;margin-bottom: 40px !important;}&#8221;][vc_column][vc_column_text]Fundazioak hainbat liburu, ikerketa eta txosten garatu eta sustatu ditu&#8230;<\/p>\n","protected":false},"author":2,"featured_media":0,"parent":0,"menu_order":0,"comment_status":"closed","ping_status":"closed","template":"","meta":{"om_disable_all_campaigns":false,"_monsterinsights_skip_tracking":false,"_monsterinsights_sitenote_active":false,"_monsterinsights_sitenote_note":"","_monsterinsights_sitenote_category":0,"footnotes":""},"class_list":["post-5022","page","type-page","status-publish","hentry"],"aioseo_notices":[],"_links":{"self":[{"href":"https:\/\/idf-fundazioa.eus\/eu\/wp-json\/wp\/v2\/pages\/5022","targetHints":{"allow":["GET"]}}],"collection":[{"href":"https:\/\/idf-fundazioa.eus\/eu\/wp-json\/wp\/v2\/pages"}],"about":[{"href":"https:\/\/idf-fundazioa.eus\/eu\/wp-json\/wp\/v2\/types\/page"}],"author":[{"embeddable":true,"href":"https:\/\/idf-fundazioa.eus\/eu\/wp-json\/wp\/v2\/users\/2"}],"replies":[{"embeddable":true,"href":"https:\/\/idf-fundazioa.eus\/eu\/wp-json\/wp\/v2\/comments?post=5022"}],"version-history":[{"count":3,"href":"https:\/\/idf-fundazioa.eus\/eu\/wp-json\/wp\/v2\/pages\/5022\/revisions"}],"predecessor-version":[{"id":5099,"href":"https:\/\/idf-fundazioa.eus\/eu\/wp-json\/wp\/v2\/pages\/5022\/revisions\/5099"}],"wp:attachment":[{"href":"https:\/\/idf-fundazioa.eus\/eu\/wp-json\/wp\/v2\/media?parent=5022"}],"curies":[{"name":"wp","href":"https:\/\/api.w.org\/{rel}","templated":true}]}}